{"id":1576,"date":"2023-02-28T17:42:48","date_gmt":"2023-02-28T17:42:48","guid":{"rendered":"https:\/\/laura-dessence.fr\/?page_id=1576"},"modified":"2023-04-06T13:54:04","modified_gmt":"2023-04-06T13:54:04","slug":"qui-suis-je","status":"publish","type":"page","link":"https:\/\/laura-dessence.fr\/?page_id=1576","title":{"rendered":"Qui suis-je ?"},"content":{"rendered":"\t\t<div data-elementor-type=\"wp-page\" data-elementor-id=\"1576\" class=\"elementor elementor-1576\">\n\t\t\t\t\t\t\t\t\t<section class=\"elementor-section elementor-top-section elementor-element elementor-element-4a21ac5 elementor-section-boxed elementor-section-height-default elementor-section-height-default\" data-id=\"4a21ac5\" data-element_type=\"section\">\n\t\t\t\t\t\t<div class=\"elementor-container elementor-column-gap-default\">\n\t\t\t\t\t<div class=\"elementor-column elementor-col-100 elementor-top-column elementor-element elementor-element-bd58308\" data-id=\"bd58308\" data-element_type=\"column\">\n\t\t\t<div class=\"elementor-widget-wrap elementor-element-populated\">\n\t\t\t\t\t\t\t\t<div class=\"elementor-element elementor-element-baa17bf elementor-widget elementor-widget-spacer\" data-id=\"baa17bf\" data-element_type=\"widget\" data-widget_type=\"spacer.default\">\n\t\t\t\t<div class=\"elementor-widget-container\">\n\t\t\t<style>\/*! elementor - v3.6.7 - 03-07-2022 *\/\n.e-container.e-container--row .elementor-spacer-inner{width:var(--spacer-size)}.e-container.e-container--column .elementor-spacer-inner,.elementor-column .elementor-spacer-inner{height:var(--spacer-size)}<\/style>\t\t<div class=\"elementor-spacer\">\n\t\t\t<div class=\"elementor-spacer-inner\"><\/div>\n\t\t<\/div>\n\t\t\t\t<\/div>\n\t\t\t\t<\/div>\n\t\t\t\t\t<\/div>\n\t\t<\/div>\n\t\t\t\t\t\t\t<\/div>\n\t\t<\/section>\n\t\t\t\t<section class=\"elementor-section elementor-top-section elementor-element elementor-element-c880f7c elementor-section-boxed elementor-section-height-default elementor-section-height-default\" data-id=\"c880f7c\" data-element_type=\"section\">\n\t\t\t\t\t\t<div class=\"elementor-container elementor-column-gap-default\">\n\t\t\t\t\t<div class=\"elementor-column elementor-col-100 elementor-top-column elementor-element elementor-element-0a0e1fc\" data-id=\"0a0e1fc\" data-element_type=\"column\">\n\t\t\t<div class=\"elementor-widget-wrap elementor-element-populated\">\n\t\t\t\t\t\t\t\t<div class=\"elementor-element elementor-element-2accc63 elementor-widget elementor-widget-heading\" data-id=\"2accc63\" data-element_type=\"widget\" data-widget_type=\"heading.default\">\n\t\t\t\t<div class=\"elementor-widget-container\">\n\t\t\t<style>\/*! elementor - v3.6.7 - 03-07-2022 *\/\n.elementor-heading-title{padding:0;margin:0;line-height:1}.elementor-widget-heading .elementor-heading-title[class*=elementor-size-]>a{color:inherit;font-size:inherit;line-height:inherit}.elementor-widget-heading .elementor-heading-title.elementor-size-small{font-size:15px}.elementor-widget-heading .elementor-heading-title.elementor-size-medium{font-size:19px}.elementor-widget-heading .elementor-heading-title.elementor-size-large{font-size:29px}.elementor-widget-heading .elementor-heading-title.elementor-size-xl{font-size:39px}.elementor-widget-heading .elementor-heading-title.elementor-size-xxl{font-size:59px}<\/style><h2 class=\"elementor-heading-title elementor-size-default\">A propos de moi<\/h2>\t\t<\/div>\n\t\t\t\t<\/div>\n\t\t\t\t<div class=\"elementor-element elementor-element-e207628 elementor-widget elementor-widget-text-editor\" data-id=\"e207628\" data-element_type=\"widget\" data-widget_type=\"text-editor.default\">\n\t\t\t\t<div class=\"elementor-widget-container\">\n\t\t\t<style>\/*! elementor - v3.6.7 - 03-07-2022 *\/\n.elementor-widget-text-editor.elementor-drop-cap-view-stacked .elementor-drop-cap{background-color:#818a91;color:#fff}.elementor-widget-text-editor.elementor-drop-cap-view-framed .elementor-drop-cap{color:#818a91;border:3px solid;background-color:transparent}.elementor-widget-text-editor:not(.elementor-drop-cap-view-default) .elementor-drop-cap{margin-top:8px}.elementor-widget-text-editor:not(.elementor-drop-cap-view-default) .elementor-drop-cap-letter{width:1em;height:1em}.elementor-widget-text-editor .elementor-drop-cap{float:left;text-align:center;line-height:1;font-size:50px}.elementor-widget-text-editor .elementor-drop-cap-letter{display:inline-block}<\/style>\t\t\t\t<p style=\"text-align: center;\">Curieuse d&rsquo;apprentissage et de d\u00e9couverte, sensible \u00e0 la nature et aux animaux depuis l&rsquo;enfance, j&rsquo;ai entrepris des \u00e9tudes dans le secteur du tourisme dans le but de voyager et de d\u00e9couvrir de nouvelles cultures.<br \/>Apr\u00e8s mes \u00e9tudes j&rsquo;ai eu l&rsquo;opportunit\u00e9 de travailler au sein d&rsquo;une grande entreprise de location de v\u00e9hicules pour laquelle j&rsquo;aurai finalement consacr\u00e9 11 ann\u00e9es de ma vie. Malgr\u00e9 une situation stable et des propositions d&rsquo;\u00e9volution, j&rsquo;\u00e9tais habit\u00e9 d&rsquo;un profond questionnement sur le sens de ma vie, ce qui m&rsquo;animait r\u00e9ellement&#8230; et c&rsquo;est tout naturellement que la Naturopathie est venue \u00e0 moi. J&rsquo;ai quitt\u00e9 mon emploi pour entreprendre une formation de 3 ans afin de devenir naturopathe, bien plus qu&rsquo;un m\u00e9tier pour moi, une v\u00e9ritable passion, une raison d&rsquo;\u00eatre!<\/p><p>Durant mon parcours de vie, j&rsquo;ai \u00e9t\u00e9 confront\u00e9e \u00e0 une p\u00e9riode tr\u00e8s difficile. En effet, mon mari et moi ressentions tr\u00e8s jeune l&rsquo;envie d&rsquo;\u00eatre parent mais nous \u00e9tions loin de nous imaginer les \u00e9preuves que nous aurions \u00e0 surmonter.<br \/>La grossesse se faisant attendre, nous avons pass\u00e9 des examens et le verdict \u00e9tait tomb\u00e9 : endom\u00e9triose pour moi et diff\u00e9rentes \u00ab\u00a0anomalies\u00a0\u00bb pour mon mari. Il s&rsquo;en suit un long parcours PMA (Procr\u00e9ation M\u00e9dicalement assist\u00e9e ) pour r\u00e9aliser une FIV (F\u00e9condation In Vitro) : la premi\u00e8re tentative fut un \u00e9chec car je ne r\u00e9pondais pas au traitement, la seconde fonctionna mais \u00e0 donn\u00e9 lieu \u00e0 une fausse couche durant le troisi\u00e8me mois de grossesse. Ce fut une v\u00e9ritable \u00e9preuve \u00e0 surmonter remplie de tristesse, d&rsquo;injustice, de doute et que nous avons du affronter seuls.<br \/>Notre d\u00e9termination \u00e0 fonder une famille nous a donn\u00e9 la force de continuer et nous avons eu notre cadeau \u00e0 la naissance de notre premi\u00e8re fille lors de la troisi\u00e8me tentative et la chance s&rsquo;est poursuivie avec l&rsquo;arriv\u00e9e de notre seconde fille quelques ann\u00e9es plus tard par FIV \u00e9galement. Nous sommes aujourd&rsquo;hui combl\u00e9s et reconnaissants pour ce cadeau.<\/p><p>Si je vous raconte ce parcours, c&rsquo;est parce que j&rsquo;ai d\u00e9cid\u00e9 aujourd&rsquo;hui d&rsquo;en faire une force et d&rsquo;utiliser mon exp\u00e9rience et mon v\u00e9cu pour aider des femmes et des couples dans leur parcours vers la parentalit\u00e9.<br \/>Je sais aujourd&rsquo;hui, gr\u00e2ce \u00e0 mes connaissances et ma pratique, que notre parcours aurait pu \u00eatre diff\u00e9rent avec la Naturopathie et c&rsquo;est pourquoi je propose diff\u00e9rents accompagnements sp\u00e9cifiques.<br \/>Les ressources sont d\u00e9j\u00e0 en vous, il faut simplement les trouver!<\/p><p style=\"text-align: center;\">\u00a0<\/p>\t\t\t\t\t\t<\/div>\n\t\t\t\t<\/div>\n\t\t\t\t<div class=\"elementor-element elementor-element-6cb0ccb elementor-widget-divider--separator-type-pattern elementor-widget-divider--no-spacing elementor-widget-divider--view-line elementor-widget elementor-widget-divider\" data-id=\"6cb0ccb\" data-element_type=\"widget\" data-widget_type=\"divider.default\">\n\t\t\t\t<div class=\"elementor-widget-container\">\n\t\t\t<style>\/*! elementor - v3.6.7 - 03-07-2022 *\/\n.elementor-widget-divider{--divider-border-style:none;--divider-border-width:1px;--divider-color:#2c2c2c;--divider-icon-size:20px;--divider-element-spacing:10px;--divider-pattern-height:24px;--divider-pattern-size:20px;--divider-pattern-url:none;--divider-pattern-repeat:repeat-x}.elementor-widget-divider .elementor-divider{display:-webkit-box;display:-ms-flexbox;display:flex}.elementor-widget-divider .elementor-divider__text{font-size:15px;line-height:1;max-width:95%}.elementor-widget-divider .elementor-divider__element{margin:0 var(--divider-element-spacing);-ms-flex-negative:0;flex-shrink:0}.elementor-widget-divider .elementor-icon{font-size:var(--divider-icon-size)}.elementor-widget-divider .elementor-divider-separator{display:-webkit-box;display:-ms-flexbox;display:flex;margin:0;direction:ltr}.elementor-widget-divider--view-line_icon .elementor-divider-separator,.elementor-widget-divider--view-line_text .elementor-divider-separator{-webkit-box-align:center;-ms-flex-align:center;align-items:center}.elementor-widget-divider--view-line_icon .elementor-divider-separator:after,.elementor-widget-divider--view-line_icon .elementor-divider-separator:before,.elementor-widget-divider--view-line_text .elementor-divider-separator:after,.elementor-widget-divider--view-line_text .elementor-divider-separator:before{display:block;content:\"\";border-bottom:0;-webkit-box-flex:1;-ms-flex-positive:1;flex-grow:1;border-top:var(--divider-border-width) var(--divider-border-style) var(--divider-color)}.elementor-widget-divider--element-align-left .elementor-divider .elementor-divider-separator>.elementor-divider__svg:first-of-type{-webkit-box-flex:0;-ms-flex-positive:0;flex-grow:0;-ms-flex-negative:100;flex-shrink:100}.elementor-widget-divider--element-align-left .elementor-divider-separator:before{content:none}.elementor-widget-divider--element-align-left .elementor-divider__element{margin-left:0}.elementor-widget-divider--element-align-right .elementor-divider .elementor-divider-separator>.elementor-divider__svg:last-of-type{-webkit-box-flex:0;-ms-flex-positive:0;flex-grow:0;-ms-flex-negative:100;flex-shrink:100}.elementor-widget-divider--element-align-right .elementor-divider-separator:after{content:none}.elementor-widget-divider--element-align-right .elementor-divider__element{margin-right:0}.elementor-widget-divider:not(.elementor-widget-divider--view-line_text):not(.elementor-widget-divider--view-line_icon) .elementor-divider-separator{border-top:var(--divider-border-width) var(--divider-border-style) var(--divider-color)}.elementor-widget-divider--separator-type-pattern{--divider-border-style:none}.elementor-widget-divider--separator-type-pattern.elementor-widget-divider--view-line .elementor-divider-separator,.elementor-widget-divider--separator-type-pattern:not(.elementor-widget-divider--view-line) .elementor-divider-separator:after,.elementor-widget-divider--separator-type-pattern:not(.elementor-widget-divider--view-line) .elementor-divider-separator:before,.elementor-widget-divider--separator-type-pattern:not([class*=elementor-widget-divider--view]) .elementor-divider-separator{width:100%;min-height:var(--divider-pattern-height);-webkit-mask-size:var(--divider-pattern-size) 100%;mask-size:var(--divider-pattern-size) 100%;-webkit-mask-repeat:var(--divider-pattern-repeat);mask-repeat:var(--divider-pattern-repeat);background-color:var(--divider-color);-webkit-mask-image:var(--divider-pattern-url);mask-image:var(--divider-pattern-url)}.elementor-widget-divider--no-spacing{--divider-pattern-size:auto}.elementor-widget-divider--bg-round{--divider-pattern-repeat:round}.rtl .elementor-widget-divider .elementor-divider__text{direction:rtl}<\/style>\t\t<div class=\"elementor-divider\" style=\"--divider-pattern-url: url(&quot;data:image\/svg+xml,%3Csvg xmlns=&#039;http:\/\/www.w3.org\/2000\/svg&#039; preserveAspectRatio=&#039;xMidYMid meet&#039; overflow=&#039;visible&#039; height=&#039;100%&#039; viewBox=&#039;0 0 117 26&#039; fill=&#039;black&#039; stroke=&#039;none&#039;%3E%3Cpath d=&#039;M3,1.5C5,4.9,6,8.8,6,13s-1.7,8.1-5,11.5C0.3,21.1,0,17.2,0,13S1,4.9,3,1.5z M16,1.5c2,3.4,3,7.3,3,11.5s-1,8.1-3,11.5c-2-4.1-3-8.3-3-12.5S14,4.3,16,1.5z M29,1.5c2,4.8,3,9.3,3,13.5s-1,7.4-3,9.5c-2-3.4-3-7.3-3-11.5S27,4.9,29,1.5z M41.1,1.5C43.7,4.9,45,8.8,45,13s-1,8.1-3,11.5c-2-3.4-3-7.3-3-11.5S39.7,4.9,41.1,1.5zM55,1.5c2,2.8,3,6.3,3,10.5s-1.3,8.4-4,12.5c-1.3-3.4-2-7.3-2-11.5S53,4.9,55,1.5z M68,1.5c2,3.4,3,7.3,3,11.5s-0.7,8.1-2,11.5c-2.7-4.8-4-9.3-4-13.5S66,3.6,68,1.5z M82,1.5c1.3,4.8,2,9.3,2,13.5s-1,7.4-3,9.5c-2-3.4-3-7.3-3-11.5S79.3,4.9,82,1.5z M94,1.5c2,3.4,3,7.3,3,11.5s-1.3,8.1-4,11.5c-1.3-1.4-2-4.3-2-8.5S92,6.9,94,1.5z M107,1.5c2,2.1,3,5.3,3,9.5s-0.7,8.7-2,13.5c-2.7-3.4-4-7.3-4-11.5S105,4.9,107,1.5z&#039;\/%3E%3C\/svg%3E&quot;);\">\n\t\t\t<span class=\"elementor-divider-separator\">\n\t\t\t\t\t\t<\/span>\n\t\t<\/div>\n\t\t\t\t<\/div>\n\t\t\t\t<\/div>\n\t\t\t\t<div class=\"elementor-element elementor-element-2178101 elementor-widget elementor-widget-heading\" data-id=\"2178101\" data-element_type=\"widget\" data-widget_type=\"heading.default\">\n\t\t\t\t<div class=\"elementor-widget-container\">\n\t\t\t<h2 class=\"elementor-heading-title elementor-size-default\">Mon cursus<\/h2>\t\t<\/div>\n\t\t\t\t<\/div>\n\t\t\t\t<div class=\"elementor-element elementor-element-5e97b47 elementor-widget elementor-widget-text-editor\" data-id=\"5e97b47\" data-element_type=\"widget\" data-widget_type=\"text-editor.default\">\n\t\t\t\t<div class=\"elementor-widget-container\">\n\t\t\t\t\t\t\t<p>\u2022 De septembre 2019 \u00e0 Juillet 2022 : Formation au sein de l&rsquo;Acad\u00e9mie de Naturopathie Essentielle (ANAE) \u00e0 Obernai, Alsace<br \/>\u00a0\u00a0\u00a0\u00a0\u00a0\u00a0\u00a0\u00a0\u00a0\u00a0\u00a0\u00a0\u00a0\u00a0\u00a0\u00a0\u00a0\u00a0\u00a0\u00a0\u00a0\u00a0\u00a0\u00a0\u00a0\u00a0\u00a0\u00a0\u00a0\u00a0\u00a0\u00a0\u00a0\u00a0\u00a0\u00a0\u00a0\u00a0\u00a0\u00a0\u00a0\u00a0\u00a0\u00a0\u00a0\u00a0\u00a0\u00a0\u00a0\u00a0\u00a0\u00a0\u00a0\u00a0\u00a0\u00a0\u00a0\u00a0\u00a0\u00a0\u00a0\u00a0\u00a0\u00a0\u00a0 Obtention du dipl\u00f4me de Praticien Naturopathe (1200h de formation)<\/p><p>\u2022 Juillet 2020 : Initiation au 1er degr\u00e9 de Reiki Tao T\u00f6 Qi<br \/>\u00a0\u00a0\u00a0\u00a0\u00a0\u00a0\u00a0\u00a0\u00a0\u00a0\u00a0\u00a0\u00a0\u00a0\u00a0\u00a0\u00a0\u00a0\u00a0\u00a0\u00a0\u00a0\u00a0\u00a0 Certificat du massage assis RARE<br \/>\u00a0\u00a0\u00a0\u00a0\u00a0\u00a0\u00a0\u00a0\u00a0\u00a0\u00a0\u00a0\u00a0\u00a0\u00a0\u00a0\u00a0\u00a0\u00a0\u00a0\u00a0\u00a0\u00a0\u00a0 Certificat du massage Hakim du dos<\/p><p>\u00a0<\/p>\t\t\t\t\t\t<\/div>\n\t\t\t\t<\/div>\n\t\t\t\t<div class=\"elementor-element elementor-element-ff1f172 elementor-widget elementor-widget-text-editor\" data-id=\"ff1f172\" data-element_type=\"widget\" data-widget_type=\"text-editor.default\">\n\t\t\t\t<div class=\"elementor-widget-container\">\n\t\t\t\t\t\t\t<p>J&rsquo;aimerais t\u00e9moigner de ma profonde gratitude \u00e0 tous les enseignants de l&rsquo;\u00e9cole de Naturopathie Essentielle (ANAE) qui m&rsquo;ont transmis leur SAVOIR, leur SAVOIR FAIRE et surtout leur SAVOIR \u00caTRE ainsi qu&rsquo;\u00e0 toutes les belles personnes que j&rsquo;ai rencontr\u00e9es durant mon parcours de formation.<br \/>Au del\u00e0 du pr\u00e9cieux savoir que j&rsquo;ai pu acqu\u00e9rir, j&rsquo;ai surtout beaucoup appris sur moi et j&rsquo;ai grandis pour devenir qui je suis aujourd&rsquo;hui alors Merci du fond du coeur.<\/p>\t\t\t\t\t\t<\/div>\n\t\t\t\t<\/div>\n\t\t\t\t<div class=\"elementor-element elementor-element-8e8cd52 elementor-widget elementor-widget-image\" data-id=\"8e8cd52\" data-element_type=\"widget\" data-widget_type=\"image.default\">\n\t\t\t\t<div class=\"elementor-widget-container\">\n\t\t\t<style>\/*! elementor - v3.6.7 - 03-07-2022 *\/\n.elementor-widget-image{text-align:center}.elementor-widget-image a{display:inline-block}.elementor-widget-image a img[src$=\".svg\"]{width:48px}.elementor-widget-image img{vertical-align:middle;display:inline-block}<\/style>\t\t\t\t\t\t\t\t\t\t\t\t<img width=\"1024\" height=\"724\" src=\"https:\/\/laura-dessence.fr\/wp-content\/uploads\/2023\/03\/heart-love-happiness-289711-1024x724.png\" class=\"attachment-large size-large\" alt=\"heart, love, happiness-289711.jpg\" loading=\"lazy\" srcset=\"https:\/\/laura-dessence.fr\/wp-content\/uploads\/2023\/03\/heart-love-happiness-289711-1024x724.png 1024w, https:\/\/laura-dessence.fr\/wp-content\/uploads\/2023\/03\/heart-love-happiness-289711-300x212.png 300w, https:\/\/laura-dessence.fr\/wp-content\/uploads\/2023\/03\/heart-love-happiness-289711-768x543.png 768w, https:\/\/laura-dessence.fr\/wp-content\/uploads\/2023\/03\/heart-love-happiness-289711.png 1280w\" sizes=\"(max-width: 1024px) 100vw, 1024px\" \/>\t\t\t\t\t\t\t\t\t\t\t\t\t\t\t<\/div>\n\t\t\t\t<\/div>\n\t\t\t\t\t<\/div>\n\t\t<\/div>\n\t\t\t\t\t\t\t<\/div>\n\t\t<\/section>\n\t\t\t\t\t\t\t<\/div>\n\t\t","protected":false},"excerpt":{"rendered":"<p>A propos de moi Curieuse d&rsquo;apprentissage et de d\u00e9couverte, sensible \u00e0 la nature et aux animaux depuis l&rsquo;enfance, j&rsquo;ai entrepris des \u00e9tudes dans le secteur du tourisme dans le but de voyager et de d\u00e9couvrir de nouvelles cultures.Apr\u00e8s mes \u00e9tudes j&rsquo;ai eu l&rsquo;opportunit\u00e9 de travailler au sein d&rsquo;une grande entreprise de location de v\u00e9hicules pour &hellip;<\/p>\n<p class=\"read-more\"> <a class=\"\" href=\"https:\/\/laura-dessence.fr\/?page_id=1576\"> <span class=\"screen-reader-text\">Qui suis-je ?<\/span> Lire la suite\u00a0\u00bb<\/a><\/p>\n","protected":false},"author":1,"featured_media":0,"parent":0,"menu_order":0,"comment_status":"closed","ping_status":"closed","template":"","meta":{"om_disable_all_campaigns":false,"site-sidebar-layout":"no-sidebar","site-content-layout":"page-builder","ast-global-header-display":"","ast-main-header-display":"","ast-hfb-above-header-display":"","ast-hfb-below-header-display":"","ast-hfb-mobile-header-display":"","site-post-title":"disabled","ast-breadcrumbs-content":"","ast-featured-img":"disabled","footer-sml-layout":"","theme-transparent-header-meta":"","adv-header-id-meta":"","stick-header-meta":"","header-above-stick-meta":"","header-main-stick-meta":"","header-below-stick-meta":""},"aioseo_notices":[],"_links":{"self":[{"href":"https:\/\/laura-dessence.fr\/index.php?rest_route=\/wp\/v2\/pages\/1576"}],"collection":[{"href":"https:\/\/laura-dessence.fr\/index.php?rest_route=\/wp\/v2\/pages"}],"about":[{"href":"https:\/\/laura-dessence.fr\/index.php?rest_route=\/wp\/v2\/types\/page"}],"author":[{"embeddable":true,"href":"https:\/\/laura-dessence.fr\/index.php?rest_route=\/wp\/v2\/users\/1"}],"replies":[{"embeddable":true,"href":"https:\/\/laura-dessence.fr\/index.php?rest_route=%2Fwp%2Fv2%2Fcomments&post=1576"}],"version-history":[{"count":31,"href":"https:\/\/laura-dessence.fr\/index.php?rest_route=\/wp\/v2\/pages\/1576\/revisions"}],"predecessor-version":[{"id":1841,"href":"https:\/\/laura-dessence.fr\/index.php?rest_route=\/wp\/v2\/pages\/1576\/revisions\/1841"}],"wp:attachment":[{"href":"https:\/\/laura-dessence.fr\/index.php?rest_route=%2Fwp%2Fv2%2Fmedia&parent=1576"}],"curies":[{"name":"wp","href":"https:\/\/api.w.org\/{rel}","templated":true}]}}