{"id":35,"date":"2018-10-10T10:19:12","date_gmt":"2018-10-10T10:19:12","guid":{"rendered":"https:\/\/laura-dessence.fr\/?page_id=35"},"modified":"2023-03-15T14:23:16","modified_gmt":"2023-03-15T14:23:16","slug":"energetique","status":"publish","type":"page","link":"https:\/\/laura-dessence.fr\/?page_id=35","title":{"rendered":"Energ\u00e9tique"},"content":{"rendered":"\t\t<div data-elementor-type=\"wp-post\" data-elementor-id=\"35\" class=\"elementor elementor-35\">\n\t\t\t\t\t\t\t\t\t<section class=\"elementor-section elementor-top-section elementor-element elementor-element-4ad27c2 elementor-section-boxed elementor-section-height-default elementor-section-height-default\" data-id=\"4ad27c2\" data-element_type=\"section\">\n\t\t\t\t\t\t<div class=\"elementor-container elementor-column-gap-default\">\n\t\t\t\t\t<div class=\"elementor-column elementor-col-100 elementor-top-column elementor-element elementor-element-15382f1\" data-id=\"15382f1\" data-element_type=\"column\">\n\t\t\t<div class=\"elementor-widget-wrap elementor-element-populated\">\n\t\t\t\t\t\t\t\t<div class=\"elementor-element elementor-element-f3eead3 elementor-widget elementor-widget-spacer\" data-id=\"f3eead3\" data-element_type=\"widget\" data-widget_type=\"spacer.default\">\n\t\t\t\t<div class=\"elementor-widget-container\">\n\t\t\t<style>\/*! elementor - v3.6.7 - 03-07-2022 *\/\n.e-container.e-container--row .elementor-spacer-inner{width:var(--spacer-size)}.e-container.e-container--column .elementor-spacer-inner,.elementor-column .elementor-spacer-inner{height:var(--spacer-size)}<\/style>\t\t<div class=\"elementor-spacer\">\n\t\t\t<div class=\"elementor-spacer-inner\"><\/div>\n\t\t<\/div>\n\t\t\t\t<\/div>\n\t\t\t\t<\/div>\n\t\t\t\t<div class=\"elementor-element elementor-element-a2f35dc elementor-widget elementor-widget-image\" data-id=\"a2f35dc\" data-element_type=\"widget\" data-widget_type=\"image.default\">\n\t\t\t\t<div class=\"elementor-widget-container\">\n\t\t\t<style>\/*! elementor - v3.6.7 - 03-07-2022 *\/\n.elementor-widget-image{text-align:center}.elementor-widget-image a{display:inline-block}.elementor-widget-image a img[src$=\".svg\"]{width:48px}.elementor-widget-image img{vertical-align:middle;display:inline-block}<\/style>\t\t\t\t\t\t\t\t\t\t\t\t<img width=\"1024\" height=\"682\" src=\"https:\/\/laura-dessence.fr\/wp-content\/uploads\/2023\/02\/woman-g46069d17c_1920-1024x682.jpg\" class=\"attachment-large size-large\" alt=\"\" loading=\"lazy\" srcset=\"https:\/\/laura-dessence.fr\/wp-content\/uploads\/2023\/02\/woman-g46069d17c_1920-1024x682.jpg 1024w, https:\/\/laura-dessence.fr\/wp-content\/uploads\/2023\/02\/woman-g46069d17c_1920-300x200.jpg 300w, https:\/\/laura-dessence.fr\/wp-content\/uploads\/2023\/02\/woman-g46069d17c_1920-768x511.jpg 768w, https:\/\/laura-dessence.fr\/wp-content\/uploads\/2023\/02\/woman-g46069d17c_1920-1536x1023.jpg 1536w, https:\/\/laura-dessence.fr\/wp-content\/uploads\/2023\/02\/woman-g46069d17c_1920.jpg 1774w\" sizes=\"(max-width: 1024px) 100vw, 1024px\" \/>\t\t\t\t\t\t\t\t\t\t\t\t\t\t\t<\/div>\n\t\t\t\t<\/div>\n\t\t\t\t\t<\/div>\n\t\t<\/div>\n\t\t\t\t\t\t\t<\/div>\n\t\t<\/section>\n\t\t\t\t<section class=\"elementor-section elementor-top-section elementor-element elementor-element-d0a0661 elementor-section-boxed elementor-section-height-default elementor-section-height-default\" data-id=\"d0a0661\" data-element_type=\"section\">\n\t\t\t\t\t\t<div class=\"elementor-container elementor-column-gap-default\">\n\t\t\t\t\t<div class=\"elementor-column elementor-col-100 elementor-top-column elementor-element elementor-element-1fa194e\" data-id=\"1fa194e\" data-element_type=\"column\">\n\t\t\t<div class=\"elementor-widget-wrap elementor-element-populated\">\n\t\t\t\t\t\t\t\t<div class=\"elementor-element elementor-element-c57f8dd elementor-widget elementor-widget-spacer\" data-id=\"c57f8dd\" data-element_type=\"widget\" data-widget_type=\"spacer.default\">\n\t\t\t\t<div class=\"elementor-widget-container\">\n\t\t\t\t\t<div class=\"elementor-spacer\">\n\t\t\t<div class=\"elementor-spacer-inner\"><\/div>\n\t\t<\/div>\n\t\t\t\t<\/div>\n\t\t\t\t<\/div>\n\t\t\t\t<div class=\"elementor-element elementor-element-e16afd7 elementor-widget elementor-widget-heading\" data-id=\"e16afd7\" data-element_type=\"widget\" data-widget_type=\"heading.default\">\n\t\t\t\t<div class=\"elementor-widget-container\">\n\t\t\t<style>\/*! elementor - v3.6.7 - 03-07-2022 *\/\n.elementor-heading-title{padding:0;margin:0;line-height:1}.elementor-widget-heading .elementor-heading-title[class*=elementor-size-]>a{color:inherit;font-size:inherit;line-height:inherit}.elementor-widget-heading .elementor-heading-title.elementor-size-small{font-size:15px}.elementor-widget-heading .elementor-heading-title.elementor-size-medium{font-size:19px}.elementor-widget-heading .elementor-heading-title.elementor-size-large{font-size:29px}.elementor-widget-heading .elementor-heading-title.elementor-size-xl{font-size:39px}.elementor-widget-heading .elementor-heading-title.elementor-size-xxl{font-size:59px}<\/style><h2 class=\"elementor-heading-title elementor-size-default\">Energ\u00e9tique<\/h2>\t\t<\/div>\n\t\t\t\t<\/div>\n\t\t\t\t<div class=\"elementor-element elementor-element-3e1fd2f elementor-widget elementor-widget-spacer\" data-id=\"3e1fd2f\" data-element_type=\"widget\" data-widget_type=\"spacer.default\">\n\t\t\t\t<div class=\"elementor-widget-container\">\n\t\t\t\t\t<div class=\"elementor-spacer\">\n\t\t\t<div class=\"elementor-spacer-inner\"><\/div>\n\t\t<\/div>\n\t\t\t\t<\/div>\n\t\t\t\t<\/div>\n\t\t\t\t\t<\/div>\n\t\t<\/div>\n\t\t\t\t\t\t\t<\/div>\n\t\t<\/section>\n\t\t\t\t<section class=\"elementor-section elementor-top-section elementor-element elementor-element-05b95c2 elementor-section-boxed elementor-section-height-default elementor-section-height-default\" data-id=\"05b95c2\" data-element_type=\"section\">\n\t\t\t\t\t\t<div class=\"elementor-container elementor-column-gap-default\">\n\t\t\t\t\t<div class=\"elementor-column elementor-col-50 elementor-top-column elementor-element elementor-element-403105b\" data-id=\"403105b\" data-element_type=\"column\">\n\t\t\t<div class=\"elementor-widget-wrap elementor-element-populated\">\n\t\t\t\t\t\t\t\t<div class=\"elementor-element elementor-element-39610ea elementor-widget elementor-widget-heading\" data-id=\"39610ea\" data-element_type=\"widget\" data-widget_type=\"heading.default\">\n\t\t\t\t<div class=\"elementor-widget-container\">\n\t\t\t<h2 class=\"elementor-heading-title elementor-size-default\">S\u00e9ance de Reiki<\/h2>\t\t<\/div>\n\t\t\t\t<\/div>\n\t\t\t\t<div class=\"elementor-element elementor-element-94b4048 elementor-widget elementor-widget-text-editor\" data-id=\"94b4048\" data-element_type=\"widget\" data-widget_type=\"text-editor.default\">\n\t\t\t\t<div class=\"elementor-widget-container\">\n\t\t\t<style>\/*! elementor - v3.6.7 - 03-07-2022 *\/\n.elementor-widget-text-editor.elementor-drop-cap-view-stacked .elementor-drop-cap{background-color:#818a91;color:#fff}.elementor-widget-text-editor.elementor-drop-cap-view-framed .elementor-drop-cap{color:#818a91;border:3px solid;background-color:transparent}.elementor-widget-text-editor:not(.elementor-drop-cap-view-default) .elementor-drop-cap{margin-top:8px}.elementor-widget-text-editor:not(.elementor-drop-cap-view-default) .elementor-drop-cap-letter{width:1em;height:1em}.elementor-widget-text-editor .elementor-drop-cap{float:left;text-align:center;line-height:1;font-size:50px}.elementor-widget-text-editor .elementor-drop-cap-letter{display:inline-block}<\/style>\t\t\t\t<h6>Le mot japonais reiki signifie : \u00ab\u00a0\u00e9nergie de vie universelle\u00a0\u00bb<\/h6><p>Le Reiki issu de la tradition japonaise ancestrale, est une m\u00e9thode simple et efficace de bien \u00eatre, de relaxation, de r\u00e9g\u00e9n\u00e9ration et de revitalisation qui se pratique par le toucher et l&rsquo;imposition des mains.<\/p><p>Au dela d&rsquo;une m\u00e9thode de bien \u00eatre et de sant\u00e9, le reiki est une technique d&rsquo;harmonisation des \u00e9nergies.<\/p><p>Le Reiki r\u00e9tablit le bien \u00eatre et la sant\u00e9 dans le corps physique, il conduit \u00e0 un sentiment d&rsquo;harmonie, de paix et d&rsquo;enthousiasme dans la vie \u00e9motionnelle, ainsi qu&rsquo;\u00e0 une clart\u00e9 de la pens\u00e9e au niveau intellectuel.<\/p><p>Les effets b\u00e9n\u00e9fiques du Reiki :<\/p><p>&#8211; Il lib\u00e8re les tensions en conduisant \u00e0 une relaxation profonde du corps et du mental<br \/>&#8211; Il d\u00e9veloppe la vitalit\u00e9 et r\u00e9g\u00e9n\u00e8re<br \/>&#8211; Il lib\u00e8re des tensions psychologiques dues au stress, \u00e0 l&rsquo;anxi\u00e9t\u00e9 et \u00e0 toutes les \u00e9motions n\u00e9gatives<br \/>&#8211; Il conduit \u00e0 un sommeil profond et r\u00e9parateur<br \/>&#8211; Il am\u00e9liore la facult\u00e9 de concentration et la m\u00e9moire<br \/>&#8211; Il am\u00e9liore naturellement l&rsquo;ensemble de nos relations avec les personnes qui nous entourent et notre environnement<br \/>&#8211; Il augmente la confiance en soi et l&rsquo;estime de soi&#8230;.<\/p><h4>\u00a0\u00a0\u00a0\u00a0\u00a0\u00a0\u00a0\u00a0\u00a0\u00a0\u00a0\u00a0\u00a0\u00a0\u00a0\u00a0\u00a0\u00a0\u00a0\u00a0\u00a0\u00a0\u00a0\u00a0\u00a0 <span style=\"color: #993366;\">S\u00e9ance 1 heure : 50 \u20ac<\/span><\/h4>\t\t\t\t\t\t<\/div>\n\t\t\t\t<\/div>\n\t\t\t\t\t<\/div>\n\t\t<\/div>\n\t\t\t\t<div class=\"elementor-column elementor-col-50 elementor-top-column elementor-element elementor-element-27a135b\" data-id=\"27a135b\" data-element_type=\"column\">\n\t\t\t<div class=\"elementor-widget-wrap elementor-element-populated\">\n\t\t\t\t\t\t\t\t<div class=\"elementor-element elementor-element-28c7a5b elementor-widget elementor-widget-spacer\" data-id=\"28c7a5b\" data-element_type=\"widget\" data-widget_type=\"spacer.default\">\n\t\t\t\t<div class=\"elementor-widget-container\">\n\t\t\t\t\t<div class=\"elementor-spacer\">\n\t\t\t<div class=\"elementor-spacer-inner\"><\/div>\n\t\t<\/div>\n\t\t\t\t<\/div>\n\t\t\t\t<\/div>\n\t\t\t\t<div class=\"elementor-element elementor-element-545d8d3 elementor-widget elementor-widget-spacer\" data-id=\"545d8d3\" data-element_type=\"widget\" data-widget_type=\"spacer.default\">\n\t\t\t\t<div class=\"elementor-widget-container\">\n\t\t\t\t\t<div class=\"elementor-spacer\">\n\t\t\t<div class=\"elementor-spacer-inner\"><\/div>\n\t\t<\/div>\n\t\t\t\t<\/div>\n\t\t\t\t<\/div>\n\t\t\t\t<div class=\"elementor-element elementor-element-23d2e86 elementor-widget elementor-widget-spacer\" data-id=\"23d2e86\" data-element_type=\"widget\" data-widget_type=\"spacer.default\">\n\t\t\t\t<div class=\"elementor-widget-container\">\n\t\t\t\t\t<div class=\"elementor-spacer\">\n\t\t\t<div class=\"elementor-spacer-inner\"><\/div>\n\t\t<\/div>\n\t\t\t\t<\/div>\n\t\t\t\t<\/div>\n\t\t\t\t<div class=\"elementor-element elementor-element-454cb49 elementor-widget elementor-widget-image\" data-id=\"454cb49\" data-element_type=\"widget\" data-widget_type=\"image.default\">\n\t\t\t\t<div class=\"elementor-widget-container\">\n\t\t\t\t\t\t\t\t\t\t\t\t\t\t\t<img width=\"1024\" height=\"682\" src=\"https:\/\/laura-dessence.fr\/wp-content\/uploads\/2022\/08\/wellness-massage-woman-285590-1024x682.jpg\" class=\"attachment-large size-large\" alt=\"wellness, massage, woman-285590.jpg\" loading=\"lazy\" srcset=\"https:\/\/laura-dessence.fr\/wp-content\/uploads\/2022\/08\/wellness-massage-woman-285590-1024x682.jpg 1024w, https:\/\/laura-dessence.fr\/wp-content\/uploads\/2022\/08\/wellness-massage-woman-285590-300x200.jpg 300w, https:\/\/laura-dessence.fr\/wp-content\/uploads\/2022\/08\/wellness-massage-woman-285590-768x512.jpg 768w, https:\/\/laura-dessence.fr\/wp-content\/uploads\/2022\/08\/wellness-massage-woman-285590.jpg 1280w\" sizes=\"(max-width: 1024px) 100vw, 1024px\" \/>\t\t\t\t\t\t\t\t\t\t\t\t\t\t\t<\/div>\n\t\t\t\t<\/div>\n\t\t\t\t\t<\/div>\n\t\t<\/div>\n\t\t\t\t\t\t\t<\/div>\n\t\t<\/section>\n\t\t\t\t<section class=\"elementor-section elementor-top-section elementor-element elementor-element-b7072a3 elementor-section-boxed elementor-section-height-default elementor-section-height-default\" data-id=\"b7072a3\" data-element_type=\"section\">\n\t\t\t\t\t\t<div class=\"elementor-container elementor-column-gap-default\">\n\t\t\t\t\t<div class=\"elementor-column elementor-col-100 elementor-top-column elementor-element elementor-element-ae11b47\" data-id=\"ae11b47\" data-element_type=\"column\">\n\t\t\t<div class=\"elementor-widget-wrap elementor-element-populated\">\n\t\t\t\t\t\t\t\t<div class=\"elementor-element elementor-element-4d00f72 elementor-widget elementor-widget-spacer\" data-id=\"4d00f72\" data-element_type=\"widget\" data-widget_type=\"spacer.default\">\n\t\t\t\t<div class=\"elementor-widget-container\">\n\t\t\t\t\t<div class=\"elementor-spacer\">\n\t\t\t<div class=\"elementor-spacer-inner\"><\/div>\n\t\t<\/div>\n\t\t\t\t<\/div>\n\t\t\t\t<\/div>\n\t\t\t\t\t<\/div>\n\t\t<\/div>\n\t\t\t\t\t\t\t<\/div>\n\t\t<\/section>\n\t\t\t\t<section class=\"elementor-section elementor-top-section elementor-element elementor-element-3d2e4e5 elementor-section-boxed elementor-section-height-default elementor-section-height-default\" data-id=\"3d2e4e5\" data-element_type=\"section\">\n\t\t\t\t\t\t<div class=\"elementor-container elementor-column-gap-default\">\n\t\t\t\t\t<div class=\"elementor-column elementor-col-50 elementor-top-column elementor-element elementor-element-1629372\" data-id=\"1629372\" data-element_type=\"column\">\n\t\t\t<div class=\"elementor-widget-wrap elementor-element-populated\">\n\t\t\t\t\t\t\t\t<div class=\"elementor-element elementor-element-d911d8b elementor-widget elementor-widget-image\" data-id=\"d911d8b\" data-element_type=\"widget\" data-widget_type=\"image.default\">\n\t\t\t\t<div class=\"elementor-widget-container\">\n\t\t\t\t\t\t\t\t\t\t\t\t\t\t\t<img width=\"768\" height=\"1086\" src=\"https:\/\/laura-dessence.fr\/wp-content\/uploads\/2023\/03\/EFT-768x1086.png\" class=\"attachment-medium_large size-medium_large\" alt=\"\" loading=\"lazy\" srcset=\"https:\/\/laura-dessence.fr\/wp-content\/uploads\/2023\/03\/EFT-768x1086.png 768w, https:\/\/laura-dessence.fr\/wp-content\/uploads\/2023\/03\/EFT-212x300.png 212w, https:\/\/laura-dessence.fr\/wp-content\/uploads\/2023\/03\/EFT-724x1024.png 724w, https:\/\/laura-dessence.fr\/wp-content\/uploads\/2023\/03\/EFT-1086x1536.png 1086w, https:\/\/laura-dessence.fr\/wp-content\/uploads\/2023\/03\/EFT.png 1414w\" sizes=\"(max-width: 768px) 100vw, 768px\" \/>\t\t\t\t\t\t\t\t\t\t\t\t\t\t\t<\/div>\n\t\t\t\t<\/div>\n\t\t\t\t\t<\/div>\n\t\t<\/div>\n\t\t\t\t<div class=\"elementor-column elementor-col-50 elementor-top-column elementor-element elementor-element-07b874a\" data-id=\"07b874a\" data-element_type=\"column\">\n\t\t\t<div class=\"elementor-widget-wrap elementor-element-populated\">\n\t\t\t\t\t\t\t\t<div class=\"elementor-element elementor-element-9f55cef elementor-widget elementor-widget-heading\" data-id=\"9f55cef\" data-element_type=\"widget\" data-widget_type=\"heading.default\">\n\t\t\t\t<div class=\"elementor-widget-container\">\n\t\t\t<h2 class=\"elementor-heading-title elementor-size-default\">S\u00e9ance d'EFT<\/h2>\t\t<\/div>\n\t\t\t\t<\/div>\n\t\t\t\t<div class=\"elementor-element elementor-element-d8d844a elementor-widget elementor-widget-text-editor\" data-id=\"d8d844a\" data-element_type=\"widget\" data-widget_type=\"text-editor.default\">\n\t\t\t\t<div class=\"elementor-widget-container\">\n\t\t\t\t\t\t\t<p>L\u2019EFT \u00ab\u00a0Emotionnal Freedom Technique\u00a0\u00bb ou \u00ab\u00a0Technique de lib\u00e9ration \u00e9motionnelle\u00a0\u00bb est une m\u00e9thode pour se lib\u00e9rer des \u00e9motions perturbatrices, dites n\u00e9gatives.<\/p><p>Le principe repose sur le fait que tout trouble physique ou psychologique (douleur, maladie, stress) est li\u00e9 \u00e0 une perturbation de la circulation de l&rsquo;\u00e9nergie le long de l&rsquo;un des m\u00e9ridien.<\/p><p>Cette technique peut \u00eatre utilis\u00e9e pour le traitement de tout type de trouble : douleurs physiques, probl\u00e8mes psychologiques ou relationnels, contrari\u00e9t\u00e9s voire m\u00eame gros probl\u00e8me.<\/p><p>Ce protocole est simple, efficace et rapide. Il consiste \u00e0 stimuler l&rsquo;\u00e9nergie de nos 3 centres : physique, \u00e9motionnel et intellectuel, gr\u00e2ce \u00e0 la percussion de quelques points situ\u00e9s sur des lignes \u00e9nerg\u00e9tiques appel\u00e9es des m\u00e9ridiens.<\/p><h4><span style=\"color: #993366;\">\u00a0\u00a0\u00a0\u00a0\u00a0\u00a0\u00a0\u00a0\u00a0\u00a0\u00a0\u00a0\u00a0\u00a0\u00a0\u00a0\u00a0\u00a0\u00a0 S\u00e9ance 1 heure : 50 \u20ac<\/span><\/h4><p>\u00a0<\/p><p>\u00a0<\/p>\t\t\t\t\t\t<\/div>\n\t\t\t\t<\/div>\n\t\t\t\t\t<\/div>\n\t\t<\/div>\n\t\t\t\t\t\t\t<\/div>\n\t\t<\/section>\n\t\t\t\t<section class=\"elementor-section elementor-top-section elementor-element elementor-element-ac4f9c7 elementor-section-boxed elementor-section-height-default elementor-section-height-default\" data-id=\"ac4f9c7\" data-element_type=\"section\">\n\t\t\t\t\t\t<div class=\"elementor-container elementor-column-gap-default\">\n\t\t\t\t\t<div class=\"elementor-column elementor-col-100 elementor-top-column elementor-element elementor-element-f12a85f\" data-id=\"f12a85f\" data-element_type=\"column\">\n\t\t\t<div class=\"elementor-widget-wrap elementor-element-populated\">\n\t\t\t\t\t\t\t\t<div class=\"elementor-element elementor-element-f0f5618 elementor-widget elementor-widget-spacer\" data-id=\"f0f5618\" data-element_type=\"widget\" data-widget_type=\"spacer.default\">\n\t\t\t\t<div class=\"elementor-widget-container\">\n\t\t\t\t\t<div class=\"elementor-spacer\">\n\t\t\t<div class=\"elementor-spacer-inner\"><\/div>\n\t\t<\/div>\n\t\t\t\t<\/div>\n\t\t\t\t<\/div>\n\t\t\t\t\t<\/div>\n\t\t<\/div>\n\t\t\t\t\t\t\t<\/div>\n\t\t<\/section>\n\t\t\t\t<section class=\"elementor-section elementor-top-section elementor-element elementor-element-e3672fe elementor-section-boxed elementor-section-height-default elementor-section-height-default\" data-id=\"e3672fe\" data-element_type=\"section\">\n\t\t\t\t\t\t<div class=\"elementor-container elementor-column-gap-default\">\n\t\t\t\t\t<div class=\"elementor-column elementor-col-50 elementor-top-column elementor-element elementor-element-29e369a\" data-id=\"29e369a\" data-element_type=\"column\">\n\t\t\t<div class=\"elementor-widget-wrap elementor-element-populated\">\n\t\t\t\t\t\t\t\t<div class=\"elementor-element elementor-element-9248fc1 elementor-widget elementor-widget-heading\" data-id=\"9248fc1\" data-element_type=\"widget\" data-widget_type=\"heading.default\">\n\t\t\t\t<div class=\"elementor-widget-container\">\n\t\t\t<h2 class=\"elementor-heading-title elementor-size-default\">Bilan de Bior\u00e9sonance Quantique<\/h2>\t\t<\/div>\n\t\t\t\t<\/div>\n\t\t\t\t<div class=\"elementor-element elementor-element-21a444e elementor-widget elementor-widget-text-editor\" data-id=\"21a444e\" data-element_type=\"widget\" data-widget_type=\"text-editor.default\">\n\t\t\t\t<div class=\"elementor-widget-container\">\n\t\t\t\t\t\t\t<p>La m\u00e9thode d\u2019analyse par r\u00e9sonance magn\u00e9tique quantique est un test<br \/>rapide, pr\u00e9cis et non invasif.<\/p><p>Le test est r\u00e9alis\u00e9 \u00e0 l&rsquo;aide d&rsquo;une sonde tenue dans la main, l&rsquo;appareil enregistre les signaux \u00e9lectromagn\u00e9tiques \u00e9mis par les cellules du corps, les analyse et nous fournit un bilan rapide et pr\u00e9cis des fonctions organiques et \u00e9nerg\u00e9tiques d&rsquo;une personne permettant d&rsquo;appr\u00e9hender certains d\u00e9s\u00e9quilibres, carences&#8230;<\/p><p>Les principaux \u00e9l\u00e9ments d&rsquo;analyse concernent le syst\u00e8me cardio-vasculaire, c\u00e9r\u00e9bro-vasculaire, la densit\u00e9 min\u00e9rale osseuse, les oligo-\u00e9l\u00e9ments, les m\u00e9taux lourds, les rhumatismes, les poumons et les voies respiratoires, le foie, l&rsquo;estomac, les intestins , la prostate,\u00a0 les oligo-\u00e9l\u00e9ments (s\u00e9l\u00e9nium, fer, zinc, calcium, etc.)<\/p><p>Le but de la s\u00e9ance est de visualiser et interpr\u00e9ter les r\u00e9sultats \u00e0 des fins pr\u00e9ventives.<br \/>Il ne s&rsquo;agit pas d&rsquo;un diagnostic m\u00e9dical et ne vise en aucun cas \u00e0 le substituer.<\/p><h4><span style=\"color: #993366;\">\u00a0\u00a0\u00a0\u00a0\u00a0\u00a0\u00a0\u00a0\u00a0\u00a0\u00a0\u00a0\u00a0\u00a0\u00a0\u00a0\u00a0\u00a0\u00a0 S\u00e9ance 1 h 30 : 70 \u20ac<\/span><\/h4><p>\u00a0<\/p>\t\t\t\t\t\t<\/div>\n\t\t\t\t<\/div>\n\t\t\t\t\t<\/div>\n\t\t<\/div>\n\t\t\t\t<div class=\"elementor-column elementor-col-50 elementor-top-column elementor-element elementor-element-42f1a3c\" data-id=\"42f1a3c\" data-element_type=\"column\">\n\t\t\t<div class=\"elementor-widget-wrap elementor-element-populated\">\n\t\t\t\t\t\t\t\t<div class=\"elementor-element elementor-element-199778a elementor-widget elementor-widget-image\" data-id=\"199778a\" data-element_type=\"widget\" data-widget_type=\"image.default\">\n\t\t\t\t<div class=\"elementor-widget-container\">\n\t\t\t\t\t\t\t\t\t\t\t\t\t\t\t<img width=\"784\" height=\"586\" src=\"https:\/\/laura-dessence.fr\/wp-content\/uploads\/2022\/08\/QV2-2.jpg\" class=\"attachment-large size-large\" alt=\"\" loading=\"lazy\" srcset=\"https:\/\/laura-dessence.fr\/wp-content\/uploads\/2022\/08\/QV2-2.jpg 784w, https:\/\/laura-dessence.fr\/wp-content\/uploads\/2022\/08\/QV2-2-300x224.jpg 300w, https:\/\/laura-dessence.fr\/wp-content\/uploads\/2022\/08\/QV2-2-768x574.jpg 768w\" sizes=\"(max-width: 784px) 100vw, 784px\" \/>\t\t\t\t\t\t\t\t\t\t\t\t\t\t\t<\/div>\n\t\t\t\t<\/div>\n\t\t\t\t\t<\/div>\n\t\t<\/div>\n\t\t\t\t\t\t\t<\/div>\n\t\t<\/section>\n\t\t\t\t<section class=\"elementor-section elementor-top-section elementor-element elementor-element-8e6df98 elementor-section-boxed elementor-section-height-default elementor-section-height-default\" data-id=\"8e6df98\" data-element_type=\"section\">\n\t\t\t\t\t\t<div class=\"elementor-container elementor-column-gap-default\">\n\t\t\t\t\t<div class=\"elementor-column elementor-col-100 elementor-top-column elementor-element elementor-element-d0c3437\" data-id=\"d0c3437\" data-element_type=\"column\">\n\t\t\t<div class=\"elementor-widget-wrap elementor-element-populated\">\n\t\t\t\t\t\t\t\t<div class=\"elementor-element elementor-element-ed2eedc elementor-widget elementor-widget-spacer\" data-id=\"ed2eedc\" data-element_type=\"widget\" data-widget_type=\"spacer.default\">\n\t\t\t\t<div class=\"elementor-widget-container\">\n\t\t\t\t\t<div class=\"elementor-spacer\">\n\t\t\t<div class=\"elementor-spacer-inner\"><\/div>\n\t\t<\/div>\n\t\t\t\t<\/div>\n\t\t\t\t<\/div>\n\t\t\t\t\t<\/div>\n\t\t<\/div>\n\t\t\t\t\t\t\t<\/div>\n\t\t<\/section>\n\t\t\t\t<section class=\"elementor-section elementor-top-section elementor-element elementor-element-0371c40 elementor-section-boxed elementor-section-height-default elementor-section-height-default\" data-id=\"0371c40\" data-element_type=\"section\">\n\t\t\t\t\t\t<div class=\"elementor-container elementor-column-gap-default\">\n\t\t\t\t\t<div class=\"elementor-column elementor-col-100 elementor-top-column elementor-element elementor-element-fda30fc\" data-id=\"fda30fc\" data-element_type=\"column\">\n\t\t\t<div class=\"elementor-widget-wrap elementor-element-populated\">\n\t\t\t\t\t\t\t\t<div class=\"elementor-element elementor-element-cd2f365 elementor-widget elementor-widget-text-editor\" data-id=\"cd2f365\" data-element_type=\"widget\" data-widget_type=\"text-editor.default\">\n\t\t\t\t<div class=\"elementor-widget-container\">\n\t\t\t\t\t\t\t<h3 style=\"text-align: center;\"><span style=\"color: #993366;\">Prendre RDV au 07 65 50 99 71\u00a0 <\/span><\/h3>\t\t\t\t\t\t<\/div>\n\t\t\t\t<\/div>\n\t\t\t\t\t<\/div>\n\t\t<\/div>\n\t\t\t\t\t\t\t<\/div>\n\t\t<\/section>\n\t\t\t\t\t\t\t<\/div>\n\t\t","protected":false},"excerpt":{"rendered":"<p>Energ\u00e9tique S\u00e9ance de Reiki Le mot japonais reiki signifie : \u00ab\u00a0\u00e9nergie de vie universelle\u00a0\u00bb Le Reiki issu de la tradition japonaise ancestrale, est une m\u00e9thode simple et efficace de bien \u00eatre, de relaxation, de r\u00e9g\u00e9n\u00e9ration et de revitalisation qui se pratique par le toucher et l&rsquo;imposition des mains. Au dela d&rsquo;une m\u00e9thode de bien \u00eatre &hellip;<\/p>\n<p class=\"read-more\"> <a class=\"\" href=\"https:\/\/laura-dessence.fr\/?page_id=35\"> <span class=\"screen-reader-text\">Energ\u00e9tique<\/span> Lire la suite\u00a0\u00bb<\/a><\/p>\n","protected":false},"author":1,"featured_media":0,"parent":0,"menu_order":0,"comment_status":"closed","ping_status":"closed","template":"","meta":{"om_disable_all_campaigns":false,"site-sidebar-layout":"no-sidebar","site-content-layout":"page-builder","ast-global-header-display":"","ast-main-header-display":"","ast-hfb-above-header-display":"","ast-hfb-below-header-display":"","ast-hfb-mobile-header-display":"","site-post-title":"disabled","ast-breadcrumbs-content":"","ast-featured-img":"disabled","footer-sml-layout":"","theme-transparent-header-meta":"","adv-header-id-meta":"","stick-header-meta":"","header-above-stick-meta":"","header-main-stick-meta":"","header-below-stick-meta":""},"aioseo_notices":[],"_links":{"self":[{"href":"https:\/\/laura-dessence.fr\/index.php?rest_route=\/wp\/v2\/pages\/35"}],"collection":[{"href":"https:\/\/laura-dessence.fr\/index.php?rest_route=\/wp\/v2\/pages"}],"about":[{"href":"https:\/\/laura-dessence.fr\/index.php?rest_route=\/wp\/v2\/types\/page"}],"author":[{"embeddable":true,"href":"https:\/\/laura-dessence.fr\/index.php?rest_route=\/wp\/v2\/users\/1"}],"replies":[{"embeddable":true,"href":"https:\/\/laura-dessence.fr\/index.php?rest_route=%2Fwp%2Fv2%2Fcomments&post=35"}],"version-history":[{"count":39,"href":"https:\/\/laura-dessence.fr\/index.php?rest_route=\/wp\/v2\/pages\/35\/revisions"}],"predecessor-version":[{"id":1710,"href":"https:\/\/laura-dessence.fr\/index.php?rest_route=\/wp\/v2\/pages\/35\/revisions\/1710"}],"wp:attachment":[{"href":"https:\/\/laura-dessence.fr\/index.php?rest_route=%2Fwp%2Fv2%2Fmedia&parent=35"}],"curies":[{"name":"wp","href":"https:\/\/api.w.org\/{rel}","templated":true}]}}