{"id":81,"date":"2018-10-10T10:46:47","date_gmt":"2018-10-10T10:46:47","guid":{"rendered":"https:\/\/laura-dessence.fr\/?page_id=81"},"modified":"2023-03-15T13:13:07","modified_gmt":"2023-03-15T13:13:07","slug":"massage","status":"publish","type":"page","link":"https:\/\/laura-dessence.fr\/?page_id=81","title":{"rendered":"Massage"},"content":{"rendered":"\t\t<div data-elementor-type=\"wp-post\" data-elementor-id=\"81\" class=\"elementor elementor-81\">\n\t\t\t\t\t\t\t\t\t<section class=\"elementor-section elementor-top-section elementor-element elementor-element-dbd91f7 elementor-section-boxed elementor-section-height-default elementor-section-height-default\" data-id=\"dbd91f7\" data-element_type=\"section\">\n\t\t\t\t\t\t<div class=\"elementor-container elementor-column-gap-default\">\n\t\t\t\t\t<div class=\"elementor-column elementor-col-100 elementor-top-column elementor-element elementor-element-83b61f1\" data-id=\"83b61f1\" data-element_type=\"column\">\n\t\t\t<div class=\"elementor-widget-wrap elementor-element-populated\">\n\t\t\t\t\t\t\t\t<div class=\"elementor-element elementor-element-70cce41 elementor-widget elementor-widget-spacer\" data-id=\"70cce41\" data-element_type=\"widget\" data-widget_type=\"spacer.default\">\n\t\t\t\t<div class=\"elementor-widget-container\">\n\t\t\t<style>\/*! elementor - v3.6.7 - 03-07-2022 *\/\n.e-container.e-container--row .elementor-spacer-inner{width:var(--spacer-size)}.e-container.e-container--column .elementor-spacer-inner,.elementor-column .elementor-spacer-inner{height:var(--spacer-size)}<\/style>\t\t<div class=\"elementor-spacer\">\n\t\t\t<div class=\"elementor-spacer-inner\"><\/div>\n\t\t<\/div>\n\t\t\t\t<\/div>\n\t\t\t\t<\/div>\n\t\t\t\t<div class=\"elementor-element elementor-element-6f13317 elementor-widget elementor-widget-image\" data-id=\"6f13317\" data-element_type=\"widget\" data-widget_type=\"image.default\">\n\t\t\t\t<div class=\"elementor-widget-container\">\n\t\t\t<style>\/*! elementor - v3.6.7 - 03-07-2022 *\/\n.elementor-widget-image{text-align:center}.elementor-widget-image a{display:inline-block}.elementor-widget-image a img[src$=\".svg\"]{width:48px}.elementor-widget-image img{vertical-align:middle;display:inline-block}<\/style>\t\t\t\t\t\t\t\t\t\t\t\t<img width=\"1024\" height=\"683\" src=\"https:\/\/laura-dessence.fr\/wp-content\/uploads\/2023\/02\/pexels-andrea-piacquadio-3757942-1024x683.jpg\" class=\"attachment-large size-large\" alt=\"\" loading=\"lazy\" srcset=\"https:\/\/laura-dessence.fr\/wp-content\/uploads\/2023\/02\/pexels-andrea-piacquadio-3757942-1024x683.jpg 1024w, https:\/\/laura-dessence.fr\/wp-content\/uploads\/2023\/02\/pexels-andrea-piacquadio-3757942-300x200.jpg 300w, https:\/\/laura-dessence.fr\/wp-content\/uploads\/2023\/02\/pexels-andrea-piacquadio-3757942-768x512.jpg 768w, https:\/\/laura-dessence.fr\/wp-content\/uploads\/2023\/02\/pexels-andrea-piacquadio-3757942-1536x1024.jpg 1536w, https:\/\/laura-dessence.fr\/wp-content\/uploads\/2023\/02\/pexels-andrea-piacquadio-3757942.jpg 1773w\" sizes=\"(max-width: 1024px) 100vw, 1024px\" \/>\t\t\t\t\t\t\t\t\t\t\t\t\t\t\t<\/div>\n\t\t\t\t<\/div>\n\t\t\t\t\t<\/div>\n\t\t<\/div>\n\t\t\t\t\t\t\t<\/div>\n\t\t<\/section>\n\t\t\t\t<section class=\"elementor-section elementor-top-section elementor-element elementor-element-6553ca4 elementor-section-boxed elementor-section-height-default elementor-section-height-default\" data-id=\"6553ca4\" data-element_type=\"section\">\n\t\t\t\t\t\t<div class=\"elementor-container elementor-column-gap-default\">\n\t\t\t\t\t<div class=\"elementor-column elementor-col-100 elementor-top-column elementor-element elementor-element-8821c65\" data-id=\"8821c65\" data-element_type=\"column\">\n\t\t\t<div class=\"elementor-widget-wrap elementor-element-populated\">\n\t\t\t\t\t\t\t\t<div class=\"elementor-element elementor-element-e6db701 elementor-widget elementor-widget-spacer\" data-id=\"e6db701\" data-element_type=\"widget\" data-widget_type=\"spacer.default\">\n\t\t\t\t<div class=\"elementor-widget-container\">\n\t\t\t\t\t<div class=\"elementor-spacer\">\n\t\t\t<div class=\"elementor-spacer-inner\"><\/div>\n\t\t<\/div>\n\t\t\t\t<\/div>\n\t\t\t\t<\/div>\n\t\t\t\t<div class=\"elementor-element elementor-element-67c80c6 elementor-widget elementor-widget-heading\" data-id=\"67c80c6\" data-element_type=\"widget\" data-widget_type=\"heading.default\">\n\t\t\t\t<div class=\"elementor-widget-container\">\n\t\t\t<style>\/*! elementor - v3.6.7 - 03-07-2022 *\/\n.elementor-heading-title{padding:0;margin:0;line-height:1}.elementor-widget-heading .elementor-heading-title[class*=elementor-size-]>a{color:inherit;font-size:inherit;line-height:inherit}.elementor-widget-heading .elementor-heading-title.elementor-size-small{font-size:15px}.elementor-widget-heading .elementor-heading-title.elementor-size-medium{font-size:19px}.elementor-widget-heading .elementor-heading-title.elementor-size-large{font-size:29px}.elementor-widget-heading .elementor-heading-title.elementor-size-xl{font-size:39px}.elementor-widget-heading .elementor-heading-title.elementor-size-xxl{font-size:59px}<\/style><h2 class=\"elementor-heading-title elementor-size-default\">Massages<\/h2>\t\t<\/div>\n\t\t\t\t<\/div>\n\t\t\t\t<div class=\"elementor-element elementor-element-343f431 elementor-widget elementor-widget-spacer\" data-id=\"343f431\" data-element_type=\"widget\" data-widget_type=\"spacer.default\">\n\t\t\t\t<div class=\"elementor-widget-container\">\n\t\t\t\t\t<div class=\"elementor-spacer\">\n\t\t\t<div class=\"elementor-spacer-inner\"><\/div>\n\t\t<\/div>\n\t\t\t\t<\/div>\n\t\t\t\t<\/div>\n\t\t\t\t\t<\/div>\n\t\t<\/div>\n\t\t\t\t\t\t\t<\/div>\n\t\t<\/section>\n\t\t\t\t<section class=\"elementor-section elementor-top-section elementor-element elementor-element-7ec9730 elementor-section-boxed elementor-section-height-default elementor-section-height-default\" data-id=\"7ec9730\" data-element_type=\"section\">\n\t\t\t\t\t\t<div class=\"elementor-container elementor-column-gap-default\">\n\t\t\t\t\t<div class=\"elementor-column elementor-col-50 elementor-top-column elementor-element elementor-element-50087df\" data-id=\"50087df\" data-element_type=\"column\">\n\t\t\t<div class=\"elementor-widget-wrap elementor-element-populated\">\n\t\t\t\t\t\t\t\t<div class=\"elementor-element elementor-element-67b05e2 elementor-widget elementor-widget-spacer\" data-id=\"67b05e2\" data-element_type=\"widget\" data-widget_type=\"spacer.default\">\n\t\t\t\t<div class=\"elementor-widget-container\">\n\t\t\t\t\t<div class=\"elementor-spacer\">\n\t\t\t<div class=\"elementor-spacer-inner\"><\/div>\n\t\t<\/div>\n\t\t\t\t<\/div>\n\t\t\t\t<\/div>\n\t\t\t\t<div class=\"elementor-element elementor-element-17a328e elementor-widget elementor-widget-spacer\" data-id=\"17a328e\" data-element_type=\"widget\" data-widget_type=\"spacer.default\">\n\t\t\t\t<div class=\"elementor-widget-container\">\n\t\t\t\t\t<div class=\"elementor-spacer\">\n\t\t\t<div class=\"elementor-spacer-inner\"><\/div>\n\t\t<\/div>\n\t\t\t\t<\/div>\n\t\t\t\t<\/div>\n\t\t\t\t<div class=\"elementor-element elementor-element-27143ab elementor-widget elementor-widget-spacer\" data-id=\"27143ab\" data-element_type=\"widget\" data-widget_type=\"spacer.default\">\n\t\t\t\t<div class=\"elementor-widget-container\">\n\t\t\t\t\t<div class=\"elementor-spacer\">\n\t\t\t<div class=\"elementor-spacer-inner\"><\/div>\n\t\t<\/div>\n\t\t\t\t<\/div>\n\t\t\t\t<\/div>\n\t\t\t\t<div class=\"elementor-element elementor-element-afc1782 elementor-widget elementor-widget-image\" data-id=\"afc1782\" data-element_type=\"widget\" data-widget_type=\"image.default\">\n\t\t\t\t<div class=\"elementor-widget-container\">\n\t\t\t\t\t\t\t\t\t\t\t\t\t\t\t<img width=\"1024\" height=\"724\" src=\"https:\/\/laura-dessence.fr\/wp-content\/uploads\/2023\/03\/Massage-assis-rare-1024x724.png\" class=\"attachment-large size-large\" alt=\"\" loading=\"lazy\" srcset=\"https:\/\/laura-dessence.fr\/wp-content\/uploads\/2023\/03\/Massage-assis-rare-1024x724.png 1024w, https:\/\/laura-dessence.fr\/wp-content\/uploads\/2023\/03\/Massage-assis-rare-300x212.png 300w, https:\/\/laura-dessence.fr\/wp-content\/uploads\/2023\/03\/Massage-assis-rare-768x543.png 768w, https:\/\/laura-dessence.fr\/wp-content\/uploads\/2023\/03\/Massage-assis-rare-1536x1086.png 1536w, https:\/\/laura-dessence.fr\/wp-content\/uploads\/2023\/03\/Massage-assis-rare.png 1722w\" sizes=\"(max-width: 1024px) 100vw, 1024px\" \/>\t\t\t\t\t\t\t\t\t\t\t\t\t\t\t<\/div>\n\t\t\t\t<\/div>\n\t\t\t\t\t<\/div>\n\t\t<\/div>\n\t\t\t\t<div class=\"elementor-column elementor-col-50 elementor-top-column elementor-element elementor-element-5142a9f\" data-id=\"5142a9f\" data-element_type=\"column\">\n\t\t\t<div class=\"elementor-widget-wrap elementor-element-populated\">\n\t\t\t\t\t\t\t\t<div class=\"elementor-element elementor-element-bc9a94b elementor-widget elementor-widget-heading\" data-id=\"bc9a94b\" data-element_type=\"widget\" data-widget_type=\"heading.default\">\n\t\t\t\t<div class=\"elementor-widget-container\">\n\t\t\t<h2 class=\"elementor-heading-title elementor-size-default\">Le massage Assis RARE<\/h2>\t\t<\/div>\n\t\t\t\t<\/div>\n\t\t\t\t<div class=\"elementor-element elementor-element-5b00ce8 elementor-widget elementor-widget-text-editor\" data-id=\"5b00ce8\" data-element_type=\"widget\" data-widget_type=\"text-editor.default\">\n\t\t\t\t<div class=\"elementor-widget-container\">\n\t\t\t<style>\/*! elementor - v3.6.7 - 03-07-2022 *\/\n.elementor-widget-text-editor.elementor-drop-cap-view-stacked .elementor-drop-cap{background-color:#818a91;color:#fff}.elementor-widget-text-editor.elementor-drop-cap-view-framed .elementor-drop-cap{color:#818a91;border:3px solid;background-color:transparent}.elementor-widget-text-editor:not(.elementor-drop-cap-view-default) .elementor-drop-cap{margin-top:8px}.elementor-widget-text-editor:not(.elementor-drop-cap-view-default) .elementor-drop-cap-letter{width:1em;height:1em}.elementor-widget-text-editor .elementor-drop-cap{float:left;text-align:center;line-height:1;font-size:50px}.elementor-widget-text-editor .elementor-drop-cap-letter{display:inline-block}<\/style>\t\t\t\t<p>Le massage de \u00ab\u00a0Relaxation Assise Revitalisante Energ\u00e9tique\u00a0\u00bb se pratique assis et habill\u00e9.<\/p><p>Ce massage dissout les tensions, tonifie le corps, stimule l&rsquo;autor\u00e9gulation et la r\u00e9g\u00e9n\u00e9ration de l&rsquo;organisme.<br \/>Les articulations de l&rsquo;\u00e9paule sont r\u00e9ajust\u00e9es. <br \/>Il \u00e9tire les muscles des \u00e9paules et des bras procurant une d\u00e9tente et un rel\u00e2chement profonds.<br \/>Par la stimulation de certains points sp\u00e9cifiques, il active l&rsquo;ensemble du syst\u00e8me lymphatique et favorise la d\u00e9toxification du corps.<br \/>Il relie les deux h\u00e9misph\u00e8res c\u00e9r\u00e9braux pour optimiser les capacit\u00e9s mentales.<br \/>Enfin, il relance l&rsquo;\u00e9nergie dans tous les syst\u00e8mes du corps.<\/p><p>Les effets : <br \/>&#8211; am\u00e9liore la m\u00e9moire et la concentration<br \/>&#8211; effet \u00e9nergisant et dynamisant<br \/>&#8211; stimule l&rsquo;ensemble du syst\u00e8me immunitaire<br \/>&#8211; lutte contre le stress et la confusion mentale<br \/>&#8211; apporte paix, calme et harmonie<br \/>&#8211; d\u00e9tente de tout le corps<br \/>&#8211; agit sur l&rsquo;humeur et apaise<br \/>&#8211; Harmonise les \u00e9motions<br \/>&#8211; a une action sur les articulations et sur la colonne vert\u00e9brale<\/p><div>\u00a0<\/div><div><h4><span style=\"color: #993366;\">\u00a0\u00a0\u00a0\u00a0\u00a0\u00a0\u00a0\u00a0\u00a0\u00a0\u00a0\u00a0\u00a0\u00a0\u00a0\u00a0\u00a0\u00a0\u00a0\u00a0 S\u00e9ance 30 minutes : 30 \u20ac<\/span><\/h4><\/div>\t\t\t\t\t\t<\/div>\n\t\t\t\t<\/div>\n\t\t\t\t\t<\/div>\n\t\t<\/div>\n\t\t\t\t\t\t\t<\/div>\n\t\t<\/section>\n\t\t\t\t<section class=\"elementor-section elementor-top-section elementor-element elementor-element-847435d elementor-section-boxed elementor-section-height-default elementor-section-height-default\" data-id=\"847435d\" data-element_type=\"section\">\n\t\t\t\t\t\t<div class=\"elementor-container elementor-column-gap-default\">\n\t\t\t\t\t<div class=\"elementor-column elementor-col-100 elementor-top-column elementor-element elementor-element-826aa4c\" data-id=\"826aa4c\" data-element_type=\"column\">\n\t\t\t<div class=\"elementor-widget-wrap elementor-element-populated\">\n\t\t\t\t\t\t\t\t<div class=\"elementor-element elementor-element-1256ae3 elementor-widget elementor-widget-spacer\" data-id=\"1256ae3\" data-element_type=\"widget\" data-widget_type=\"spacer.default\">\n\t\t\t\t<div class=\"elementor-widget-container\">\n\t\t\t\t\t<div class=\"elementor-spacer\">\n\t\t\t<div class=\"elementor-spacer-inner\"><\/div>\n\t\t<\/div>\n\t\t\t\t<\/div>\n\t\t\t\t<\/div>\n\t\t\t\t\t<\/div>\n\t\t<\/div>\n\t\t\t\t\t\t\t<\/div>\n\t\t<\/section>\n\t\t\t\t<section class=\"elementor-section elementor-top-section elementor-element elementor-element-9c93235 elementor-section-boxed elementor-section-height-default elementor-section-height-default\" data-id=\"9c93235\" data-element_type=\"section\">\n\t\t\t\t\t\t<div class=\"elementor-container elementor-column-gap-default\">\n\t\t\t\t\t<div class=\"elementor-column elementor-col-50 elementor-top-column elementor-element elementor-element-125babb\" data-id=\"125babb\" data-element_type=\"column\">\n\t\t\t<div class=\"elementor-widget-wrap elementor-element-populated\">\n\t\t\t\t\t\t\t\t<div class=\"elementor-element elementor-element-ee03449 elementor-widget elementor-widget-heading\" data-id=\"ee03449\" data-element_type=\"widget\" data-widget_type=\"heading.default\">\n\t\t\t\t<div class=\"elementor-widget-container\">\n\t\t\t<h2 class=\"elementor-heading-title elementor-size-default\">R\u00e9flexologie plantaire Yunani<\/h2>\t\t<\/div>\n\t\t\t\t<\/div>\n\t\t\t\t<div class=\"elementor-element elementor-element-dbec8bc elementor-widget elementor-widget-text-editor\" data-id=\"dbec8bc\" data-element_type=\"widget\" data-widget_type=\"text-editor.default\">\n\t\t\t\t<div class=\"elementor-widget-container\">\n\t\t\t\t\t\t\t<p style=\"text-align: justify;\"><span style=\"font-size: 16px;\">La r\u00e9flexologie existe depuis des temps tr\u00e8s anciens et dans des cultures tr\u00e8s diff\u00e9rentes tout au long de l\u2019histoire. <\/span><\/p><p><span style=\"font-size: 16px;\">3000 ans avant JC, on retrouve des traces de cette pratique en Chine, en \u00c9gypte, chez les Incas ou encore dans les tribus am\u00e9rindiennes et de m\u00eame qu\u2019en Inde.<\/span><\/p><div><div><h4>Les bienfaits du Massage YUNANI<\/h4><\/div><\/div><div><div spellcheck=\"true\"><ul><li><strong>Action globale<\/strong> sur tout l\u2019organisme, <strong>am\u00e9lioration de l\u2019hom\u00e9ostasie et du m\u00e9tabolisme respiratoire, digestif, de l\u2019\u00e9limination, de la s\u00e9cr\u00e9tion hormonale \u2026<\/strong><\/li><li><strong>Action pr\u00e9ventive en augmentation de la vitalit\u00e9 et les d\u00e9fenses immunitaire<\/strong>s, tout en renfor\u00e7ant le terrain<\/li><li><strong>D\u00e9tente par une action globale<\/strong> de rel\u00e2chement qui se r\u00e9percute sur tout le corps avec <strong>relaxation profonde<\/strong>, permettant de sortir de l\u2019agitation et de revenir en soi<\/li><li><strong>Effet antalgique et action sur la fatigue<\/strong><\/li><li><strong>Am\u00e9liore la circulation sanguine<\/strong>, la circulation veineuse en particulier dans les jambes et par cons\u00e9quent, <strong>facilite l&rsquo;\u00e9limination des d\u00e9chets et des toxines<\/strong><\/li><li><strong>Am\u00e9liore la circulation nerveuse<\/strong> sous l\u2019effet de la stimulation manuelle<\/li><li>Stimulation appropri\u00e9e pour chaque personne, <strong>parfois apaisante, parfois dynamisante<\/strong> suivant les besoins sp\u00e9cifiques de l\u2019individu<\/li><li>Action possible en parall\u00e8le sur divers sympt\u00f4mes et diff\u00e9rents troubles physiques : constipation chronique, syndrome pr\u00e9menstruel, migraines, trouble endocrinien, sciatique, crampe v\u00e9sico-biliaire, crises urinaires \u2026<br \/><br \/><h4><span style=\"color: #993366;\">\u00a0\u00a0\u00a0\u00a0\u00a0\u00a0\u00a0\u00a0\u00a0\u00a0\u00a0\u00a0 S\u00e9ance 1 heure : 60 \u20ac<\/span><\/h4><\/li><\/ul><\/div><\/div>\t\t\t\t\t\t<\/div>\n\t\t\t\t<\/div>\n\t\t\t\t\t<\/div>\n\t\t<\/div>\n\t\t\t\t<div class=\"elementor-column elementor-col-50 elementor-top-column elementor-element elementor-element-c1bb6b8\" data-id=\"c1bb6b8\" data-element_type=\"column\">\n\t\t\t<div class=\"elementor-widget-wrap elementor-element-populated\">\n\t\t\t\t\t\t\t\t<div class=\"elementor-element elementor-element-91e9a5e elementor-widget elementor-widget-spacer\" data-id=\"91e9a5e\" data-element_type=\"widget\" data-widget_type=\"spacer.default\">\n\t\t\t\t<div class=\"elementor-widget-container\">\n\t\t\t\t\t<div class=\"elementor-spacer\">\n\t\t\t<div class=\"elementor-spacer-inner\"><\/div>\n\t\t<\/div>\n\t\t\t\t<\/div>\n\t\t\t\t<\/div>\n\t\t\t\t<div class=\"elementor-element elementor-element-a66f098 elementor-widget elementor-widget-spacer\" data-id=\"a66f098\" data-element_type=\"widget\" data-widget_type=\"spacer.default\">\n\t\t\t\t<div class=\"elementor-widget-container\">\n\t\t\t\t\t<div class=\"elementor-spacer\">\n\t\t\t<div class=\"elementor-spacer-inner\"><\/div>\n\t\t<\/div>\n\t\t\t\t<\/div>\n\t\t\t\t<\/div>\n\t\t\t\t<div class=\"elementor-element elementor-element-9c6ea48 elementor-widget elementor-widget-spacer\" data-id=\"9c6ea48\" data-element_type=\"widget\" data-widget_type=\"spacer.default\">\n\t\t\t\t<div class=\"elementor-widget-container\">\n\t\t\t\t\t<div class=\"elementor-spacer\">\n\t\t\t<div class=\"elementor-spacer-inner\"><\/div>\n\t\t<\/div>\n\t\t\t\t<\/div>\n\t\t\t\t<\/div>\n\t\t\t\t<div class=\"elementor-element elementor-element-213877f elementor-widget elementor-widget-image\" data-id=\"213877f\" data-element_type=\"widget\" data-widget_type=\"image.default\">\n\t\t\t\t<div class=\"elementor-widget-container\">\n\t\t\t\t\t\t\t\t\t\t\t\t\t\t\t<img width=\"1024\" height=\"683\" src=\"https:\/\/laura-dessence.fr\/wp-content\/uploads\/2023\/03\/massage-medical-au-pied-dans-centre-physiotherapie-1024x683.jpg\" class=\"attachment-large size-large\" alt=\"\" loading=\"lazy\" srcset=\"https:\/\/laura-dessence.fr\/wp-content\/uploads\/2023\/03\/massage-medical-au-pied-dans-centre-physiotherapie-1024x683.jpg 1024w, https:\/\/laura-dessence.fr\/wp-content\/uploads\/2023\/03\/massage-medical-au-pied-dans-centre-physiotherapie-300x200.jpg 300w, https:\/\/laura-dessence.fr\/wp-content\/uploads\/2023\/03\/massage-medical-au-pied-dans-centre-physiotherapie-768x513.jpg 768w, https:\/\/laura-dessence.fr\/wp-content\/uploads\/2023\/03\/massage-medical-au-pied-dans-centre-physiotherapie-1536x1025.jpg 1536w, https:\/\/laura-dessence.fr\/wp-content\/uploads\/2023\/03\/massage-medical-au-pied-dans-centre-physiotherapie-2048x1367.jpg 2048w\" sizes=\"(max-width: 1024px) 100vw, 1024px\" \/>\t\t\t\t\t\t\t\t\t\t\t\t\t\t\t<\/div>\n\t\t\t\t<\/div>\n\t\t\t\t\t<\/div>\n\t\t<\/div>\n\t\t\t\t\t\t\t<\/div>\n\t\t<\/section>\n\t\t\t\t<section class=\"elementor-section elementor-top-section elementor-element elementor-element-35ed073 elementor-section-boxed elementor-section-height-default elementor-section-height-default\" data-id=\"35ed073\" data-element_type=\"section\">\n\t\t\t\t\t\t<div class=\"elementor-container elementor-column-gap-default\">\n\t\t\t\t\t<div class=\"elementor-column elementor-col-100 elementor-top-column elementor-element elementor-element-6a417d9\" data-id=\"6a417d9\" data-element_type=\"column\">\n\t\t\t<div class=\"elementor-widget-wrap elementor-element-populated\">\n\t\t\t\t\t\t\t\t<div class=\"elementor-element elementor-element-b47359c elementor-widget elementor-widget-spacer\" data-id=\"b47359c\" data-element_type=\"widget\" data-widget_type=\"spacer.default\">\n\t\t\t\t<div class=\"elementor-widget-container\">\n\t\t\t\t\t<div class=\"elementor-spacer\">\n\t\t\t<div class=\"elementor-spacer-inner\"><\/div>\n\t\t<\/div>\n\t\t\t\t<\/div>\n\t\t\t\t<\/div>\n\t\t\t\t<div class=\"elementor-element elementor-element-a3d16dc elementor-widget elementor-widget-spacer\" data-id=\"a3d16dc\" data-element_type=\"widget\" data-widget_type=\"spacer.default\">\n\t\t\t\t<div class=\"elementor-widget-container\">\n\t\t\t\t\t<div class=\"elementor-spacer\">\n\t\t\t<div class=\"elementor-spacer-inner\"><\/div>\n\t\t<\/div>\n\t\t\t\t<\/div>\n\t\t\t\t<\/div>\n\t\t\t\t\t<\/div>\n\t\t<\/div>\n\t\t\t\t\t\t\t<\/div>\n\t\t<\/section>\n\t\t\t\t<section class=\"elementor-section elementor-top-section elementor-element elementor-element-345eead elementor-section-boxed elementor-section-height-default elementor-section-height-default\" data-id=\"345eead\" data-element_type=\"section\">\n\t\t\t\t\t\t<div class=\"elementor-container elementor-column-gap-default\">\n\t\t\t\t\t<div class=\"elementor-column elementor-col-100 elementor-top-column elementor-element elementor-element-5bf1fab\" data-id=\"5bf1fab\" data-element_type=\"column\">\n\t\t\t<div class=\"elementor-widget-wrap elementor-element-populated\">\n\t\t\t\t\t\t\t\t<div class=\"elementor-element elementor-element-3bb7375 elementor-widget elementor-widget-text-editor\" data-id=\"3bb7375\" data-element_type=\"widget\" data-widget_type=\"text-editor.default\">\n\t\t\t\t<div class=\"elementor-widget-container\">\n\t\t\t\t\t\t\t<h3 style=\"text-align: center;\"><span style=\"color: #993366;\">Prendre RDV au 07 65 50 99 71\u00a0 <br \/><\/span><\/h3>\t\t\t\t\t\t<\/div>\n\t\t\t\t<\/div>\n\t\t\t\t\t<\/div>\n\t\t<\/div>\n\t\t\t\t\t\t\t<\/div>\n\t\t<\/section>\n\t\t\t\t\t\t\t<\/div>\n\t\t","protected":false},"excerpt":{"rendered":"<p>Massages Le massage Assis RARE Le massage de \u00ab\u00a0Relaxation Assise Revitalisante Energ\u00e9tique\u00a0\u00bb se pratique assis et habill\u00e9. Ce massage dissout les tensions, tonifie le corps, stimule l&rsquo;autor\u00e9gulation et la r\u00e9g\u00e9n\u00e9ration de l&rsquo;organisme.Les articulations de l&rsquo;\u00e9paule sont r\u00e9ajust\u00e9es. Il \u00e9tire les muscles des \u00e9paules et des bras procurant une d\u00e9tente et un rel\u00e2chement profonds.Par la stimulation &hellip;<\/p>\n<p class=\"read-more\"> <a class=\"\" href=\"https:\/\/laura-dessence.fr\/?page_id=81\"> <span class=\"screen-reader-text\">Massage<\/span> Lire la suite\u00a0\u00bb<\/a><\/p>\n","protected":false},"author":1,"featured_media":0,"parent":0,"menu_order":0,"comment_status":"closed","ping_status":"closed","template":"","meta":{"om_disable_all_campaigns":false,"site-sidebar-layout":"no-sidebar","site-content-layout":"page-builder","ast-global-header-display":"","ast-main-header-display":"","ast-hfb-above-header-display":"","ast-hfb-below-header-display":"","ast-hfb-mobile-header-display":"","site-post-title":"disabled","ast-breadcrumbs-content":"","ast-featured-img":"disabled","footer-sml-layout":"","theme-transparent-header-meta":"","adv-header-id-meta":"","stick-header-meta":"","header-above-stick-meta":"","header-main-stick-meta":"","header-below-stick-meta":""},"aioseo_notices":[],"_links":{"self":[{"href":"https:\/\/laura-dessence.fr\/index.php?rest_route=\/wp\/v2\/pages\/81"}],"collection":[{"href":"https:\/\/laura-dessence.fr\/index.php?rest_route=\/wp\/v2\/pages"}],"about":[{"href":"https:\/\/laura-dessence.fr\/index.php?rest_route=\/wp\/v2\/types\/page"}],"author":[{"embeddable":true,"href":"https:\/\/laura-dessence.fr\/index.php?rest_route=\/wp\/v2\/users\/1"}],"replies":[{"embeddable":true,"href":"https:\/\/laura-dessence.fr\/index.php?rest_route=%2Fwp%2Fv2%2Fcomments&post=81"}],"version-history":[{"count":36,"href":"https:\/\/laura-dessence.fr\/index.php?rest_route=\/wp\/v2\/pages\/81\/revisions"}],"predecessor-version":[{"id":1675,"href":"https:\/\/laura-dessence.fr\/index.php?rest_route=\/wp\/v2\/pages\/81\/revisions\/1675"}],"wp:attachment":[{"href":"https:\/\/laura-dessence.fr\/index.php?rest_route=%2Fwp%2Fv2%2Fmedia&parent=81"}],"curies":[{"name":"wp","href":"https:\/\/api.w.org\/{rel}","templated":true}]}}